{"id":241819,"date":"2026-01-10T21:37:58","date_gmt":"2026-01-10T20:37:58","guid":{"rendered":"https:\/\/kartsdesign.com\/asystent-ai\/"},"modified":"2026-04-15T11:45:16","modified_gmt":"2026-04-15T10:45:16","slug":"asystent-ai","status":"publish","type":"page","link":"https:\/\/kartsdesign.com\/pl\/asystent-ai\/","title":{"rendered":"Asystent AI"},"content":{"rendered":"\r\n\r\n<div class=\"et_pb_section_0 et_pb_section et_section_regular et_flex_section\">\r\n\r\n<div class=\"et_pb_row_0 et_pb_row et_flex_row\">\r\n\r\n<div class=\"et_pb_column_0 et_pb_column et-last-child et_flex_column et_pb_css_mix_blend_mode_passthrough et_flex_column_24_24 et_flex_column_24_24_tablet et_flex_column_24_24_phone\">\r\n\r\n<div class=\"et_pb_image_0 et_pb_image et_pb_module et_flex_module\"><span class=\"et_pb_image_wrap\"><img alt=\"\" loading=\"lazy\" decoding=\"async\" src=\"https:\/\/kartsdesign.com\/wp-content\/uploads\/2026\/01\/KARTS-AI-Assistant-icon.png\" width=\"512\" height=\"512\" srcset=\"https:\/\/kartsdesign.com\/wp-content\/uploads\/2026\/01\/KARTS-AI-Assistant-icon.png 512w, https:\/\/kartsdesign.com\/wp-content\/uploads\/2026\/01\/KARTS-AI-Assistant-icon-480x480.png 480w\" sizes=\"(min-width: 0px) and (max-width: 480px) 480px, (min-width: 481px) 512px, 100vw\" class=\"wp-image-238883\" \/><\/span><\/div>\r\n\r\n<div class=\"et_pb_text_0 et_pb_text et_pb_bg_layout_light et_pb_module et_block_module preset--module--divi-text--default\"><div class=\"et_pb_text_inner\"><h1 style=\"text-align: center;\"><span class=\"grd-heading-1\">KartS AI Assistant<\/span><\/h1>\n<\/div><\/div>\r\n\r\n<div class=\"et_pb_text_1 et_pb_text et_pb_bg_layout_light et_pb_module et_block_module preset--module--divi-text--default\"><div class=\"et_pb_text_inner\"><p style=\"text-align: center;\">Porozmawiaj z naszym asystentem AI, aby szybko zrozumie\u0107 nasze us\u0142ugi, oszacowa\u0107 sw\u00f3j projekt i znale\u017a\u0107 odpowiednie rozwi\u0105zanie cyfrowe dla swojej firmy - szybciej ni\u017c tradycyjne formularze kontaktowe.<\/p>\n<\/div><\/div><\/div><\/div>\r\n\r\n<div class=\"et_pb_row_1 et_pb_row et_flex_row\">\r\n\r\n<div class=\"et_pb_column_1 et_pb_column et-last-child et_flex_column et_pb_css_mix_blend_mode_passthrough et_flex_column_24_24 et_flex_column_24_24_tablet et_flex_column_24_24_phone\">\r\n\r\n<div class=\"et_pb_code_0 et_pb_code et_pb_module\"><div class=\"et_pb_code_inner\">    <section id=\"openai-chat-widget\" style=\"width: 100%; margin:0; display: flex; flex-direction: column; align-items: center;\">\r\n        <div id=\"chat-box-widget\" style=\"font-size:14px;width: 100%; min-height: 50px; max-height: 400px; border: 1px solid #ccc; background: white; overflow-y: auto; margin: auto; padding: 10px; border-radius: 10px; transition: height 0.3s ease;display:none;\"><\/div>\r\n        <div id=\"faq-chat-widget\" style=\"width: 100%; display: flex; gap:8px; margin-top:10px;\">\r\n            <button onclick=\"sendFaq('Tell me more about your services.', 'widget')\" style=\"font-size:10px; width:100%; text-align:center; padding:10px; background:#efefef; border:none; border-radius:25px; cursor:pointer;\">\r\n                Tell me more about your services.\r\n            <\/button>\r\n            <button onclick=\"sendFaq('I`d like an estimate.', 'widget')\" style=\"font-size:10px; width:100%; text-align:center; padding:10px; background:#efefef; border:none; border-radius:25px; cursor:pointer;\">\r\n                I'd like an estimate.\r\n            <\/button>\r\n            <button onclick=\"sendFaq('Why Karts Design? ', 'widget')\" style=\"font-size:10px; width:100%; text-align:center; padding:10px; background:#efefef; border:none; border-radius:25px; cursor:pointer;\">\r\n                Why Karts Design?\r\n            <\/button>\r\n        <\/div>\r\n        <div style=\"display: flex; flex-direction: column; align-items: flex-end; gap:8px; margin-top:10px; width:100%;\">\r\n            <textarea id=\"user-input-widget\" rows=\"4\" placeholder=\"Write a message...\" style=\"box-sizing:border-box; resize:none; width:100%; padding:10px 15px; font-size:14px; border-radius:25px; border:1px solid #ccc;\"><\/textarea>\r\n            <div style=\"font-size: 12px; text-align:left;width:100%;\">By messaging Karts AI Assistant, you agree to our <a href=\"https:\/\/kartsdesign.com\/terms\/\">Terms<\/a>.\r\n            <\/div>\r\n            <button onclick=\"sendMessage('widget')\" style=\"width:max-content; font-size:18px; font-weight:700; padding:10px 15px; background:#0059ff; color:white; border:none; border-radius:50px; cursor:pointer;\">\r\n                Send\r\n            <\/button>\r\n        <\/div>\r\n    <\/section>\r\n    <script>\r\n        \/\/ Inicjalizacja wid\u017cetu shortcode \ud83d\ude0a\r\n        document.addEventListener(\"DOMContentLoaded\", function() {\r\n            let chatBox = document.getElementById(\"chat-box-widget\");\r\n            loadChatHistory(chatBox);\r\n            document.getElementById(\"user-input-widget\").addEventListener(\"keypress\", function(e) {\r\n                if (e.key === \"Enter\") sendMessage('widget');\r\n            });\r\n        });\r\n    <\/script>\r\n    <\/div><\/div><\/div><\/div>\r\n\r\n<div class=\"et_pb_row_2 et_pb_row et_flex_row\">\r\n\r\n<div class=\"et_pb_column_2 et_pb_column et-last-child et_flex_column et_pb_css_mix_blend_mode_passthrough et_flex_column_24_24 et_flex_column_24_24_tablet et_flex_column_24_24_phone\">\r\n\r\n<div class=\"et_pb_text_2 et_pb_text et_pb_bg_layout_light et_pb_module et_block_module preset--module--divi-text--pwexa8pwwr\"><div class=\"et_pb_text_inner\"><p data-start=\"206\" data-end=\"439\" style=\"text-align: center;\">Karts <strong data-start=\"206\" data-end=\"273\">AI Assistant zapewnia automatyczne odpowiedzi informacyjne.<\/strong><br data-start=\"273\" data-end=\"276\">Wszystkie sugestie, szacunki i zalecenia maj\u0105 jedynie charakter orientacyjny.<br data-start=\"344\" data-end=\"347\">Ostateczny zakres, ceny i oferty s\u0105 zawsze przygotowywane i potwierdzane przez zesp\u00f3\u0142 Karts Design.<\/p>\n<\/div><\/div><\/div><\/div><\/div>","protected":false},"excerpt":{"rendered":"","protected":false},"author":1,"featured_media":243050,"parent":0,"menu_order":4,"comment_status":"closed","ping_status":"closed","template":"","meta":{"inline_featured_image":false,"slim_seo":{"title":"AI Assistant","description":"Got a question? Ask KartS AI Assistant! Automate tasks, gain insights, and enhance productivity with personalized AI-driven support."},"footnotes":""},"folder":[57],"class_list":["post-241819","page","type-page","status-publish","has-post-thumbnail","hentry"],"_links":{"self":[{"href":"https:\/\/kartsdesign.com\/pl\/wp-json\/wp\/v2\/pages\/241819","targetHints":{"allow":["GET"]}}],"collection":[{"href":"https:\/\/kartsdesign.com\/pl\/wp-json\/wp\/v2\/pages"}],"about":[{"href":"https:\/\/kartsdesign.com\/pl\/wp-json\/wp\/v2\/types\/page"}],"author":[{"embeddable":true,"href":"https:\/\/kartsdesign.com\/pl\/wp-json\/wp\/v2\/users\/1"}],"replies":[{"embeddable":true,"href":"https:\/\/kartsdesign.com\/pl\/wp-json\/wp\/v2\/comments?post=241819"}],"version-history":[{"count":2,"href":"https:\/\/kartsdesign.com\/pl\/wp-json\/wp\/v2\/pages\/241819\/revisions"}],"predecessor-version":[{"id":243056,"href":"https:\/\/kartsdesign.com\/pl\/wp-json\/wp\/v2\/pages\/241819\/revisions\/243056"}],"wp:featuredmedia":[{"embeddable":true,"href":"https:\/\/kartsdesign.com\/pl\/wp-json\/wp\/v2\/media\/243050"}],"wp:attachment":[{"href":"https:\/\/kartsdesign.com\/pl\/wp-json\/wp\/v2\/media?parent=241819"}],"wp:term":[{"taxonomy":"folder","embeddable":true,"href":"https:\/\/kartsdesign.com\/pl\/wp-json\/wp\/v2\/folder?post=241819"}],"curies":[{"name":"wp","href":"https:\/\/api.w.org\/{rel}","templated":true}]}}